{"id":3033,"date":"2019-11-20T16:31:05","date_gmt":"2019-11-20T15:31:05","guid":{"rendered":"https:\/\/www.whereapp.it\/?page_id=3033"},"modified":"2020-05-14T13:04:19","modified_gmt":"2020-05-14T11:04:19","slug":"informativa-privacy-policy","status":"publish","type":"page","link":"https:\/\/app24pa.it\/index.php\/informativa-privacy-policy\/","title":{"rendered":"Informativa completa Privacy Policy"},"content":{"rendered":"\n<p>Gentile Utente,<\/p>\n\n\n\n<p>ai sensi degli artt. 12, 13 e 14 del Regolamento Europeo n. 679\/2016 \u201cRegolamento Generale per la Protezione dei Dati Personali\u201d,&nbsp; siamo a fornirTi l\u2019Informativa circa il trattamento dei Tuoi Dati Personali.<br>Ti ricordiamo che&nbsp;<strong>hai diritto a prenderne visione prima di comunicarci i Tuoi Dati Personali<\/strong>, ovvero ad esercitare il tuo Diritto ad Opporti ad uno o pi\u00f9 scopi (finalit\u00e0) del trattamento indicati nella presente Informativa alla sezione dedicata.<\/p>\n\n\n\n<h3>Il Titolare del Trattamento \u00e8:<\/h3>\n\n\n\n<p><strong>WhereApp S.r.l.<\/strong><br> Viale Cesare Pavese 24 <br> 00144  \u2013 Roma (RM)<br>Tel.:  06-69341052 <br><strong>E-mail:<\/strong>&nbsp;<a href=\"mailto:info@whereapp.it\" target=\"_blank\" rel=\"noreferrer noopener\" aria-label=\" (apre in una nuova scheda)\">info@whereapp.it<\/a><\/p>\n\n\n\n<p><strong>I principali trattamenti effettuati<\/strong>&nbsp;sono relativi all\u2019adempimento del Contratto di Lavoro e a tutti gli obblighi ad esso riferiti (tanto di natura fiscale e legale, quanto di natura organizzativa e operativa), all\u2019adempimento del contratto di vendita o assistenza col cliente e a tutti gli obblighi ad esso riferiti (tanto di natura contrattuale, quanto di natura fiscale e operativa), nonch\u00e9 al procacciamento di nuova clientela e all\u2019incremento del volume d\u2019affari tramite quella gi\u00e0 acquisita, per mezzo di contatto tramite sito web, iniziative di marketing ed altro.<br><strong>I principali rischi connessi ai suddetti trattamenti<\/strong>&nbsp;sono identificabili nella possibilit\u00e0 che una o pi\u00f9 azioni volte al procacciamento di nuovi affari possa ledere i diritti e le libert\u00e0 degli Interessati, ad esempio procurando fastidio nell\u2019Interessato a causa della ricezione di offerte commerciali indesiderate. WhereApp S.r.l., tuttavia, adotta tutte le misure tecniche ed organizzative al fine di assicurarsi che coloro i quali riceveranno la pubblicit\u00e0 o le sue offerte commerciali abbiano, effettivamente, prestato il proprio consenso. Inoltre, si accerter\u00e0 che la frequenza di invio e le modalit\u00e0 prescelte non oltrepassino ci\u00f2 che \u00e8 considerato una lecita attivit\u00e0 propagandistica.<br>In generale, un rischio identificabile \u00e8 la possibilit\u00e0 che persone non autorizzate o terze parti entrino in contatto con dati personali di Interessati di cui WhereApp S.r.l. \u00e8 Titolare. Tuttavia, conformemente alla Normativa vigente, WhereApp S.r.l. adotta tutte le misure tecniche ed organizzative appropriate al fine di ridurre al minimo accettabile il rischio che l\u2019eventualit\u00e0 richiamata possa verificarsi.<br><strong>Gli scopi (finalit\u00e0) per cui trattiamo i Tuoi Dati Personali sono i seguenti:<\/strong><\/p>\n\n\n\n<ol><li>Qualora dipendente o collaboratore di WhereApp S.r.l. Adempimento degli obblighi previsti dal Contratto di Lavoro o Collaborazione. Ad esempio: elaborazione delle buste paga, gestione dei turni di lavoro, gestione dei giorni di malattia, ferie, contributi, corsi di formazione etc. In tal caso il Consenso non \u00e8 richiesto in quanto la Base Giuridica del Trattamento \u00e8 l\u2019Esecuzione del Contratto di Lavoro stesso oppure, in taluni casi, il Legittimo Interesse del Titolare del Trattamento, qualora sia necessario procedere ad attivit\u00e0 di trattamento che coinvolgano Interessati dipendenti o collaboratori di WhereApp S.r.l. e contemporaneamente sussista l\u2019impossibilit\u00e0 di chiedere loro un Consenso libero.<\/li><li>Qualora Cliente di WhereApp S.r.l. Adempimento degli obblighi relativi al contratto di vendita, assistenza e\/o servizi sottoscritto con l\u2019Interessato e di tutte le misure precontrattuali ad esso riferiti, quali preventivazione, negoziazione, inserimento in gestionale interno etc. In tale caso, il Consenso non \u00e8 richiesto in quanto la Base Giuridica del Trattamento \u00e8 ravvisabile nel contratto sottoscritto con l\u2019Interessato e in tutte le misure pre-contrattuali ad esso riferibili.<\/li><li>In caso di persona fisica non cliente di WhereApp S.r.l. Attivit\u00e0 di procacciamento di nuova clientela, come ad esempio invio di comunicazioni commerciali a mezzo e-mail, telefono, posta ordinaria etc. In tal caso il Consenso \u00e8 richiesto e costituisce la Base Giuridica del Trattamento stesso.<\/li><li>Gestione del parco clienti acquisito, inclusi i rivenditori persone fisiche. In tal caso la Base Giuridica del Trattamento \u00e8 il Contratto sottoscritto fra le parti, e pertanto non \u00e8 richiesto il Consenso, nonch\u00e9 il Legittimo Interesse in quanto \u201cesiste una relazione pertinente e appropriata con l\u2019Interessato\u201d.<\/li><\/ol>\n\n\n\n<p>Su Tua richiesta \u00e8 disponibile l\u2019elenco completo dei&nbsp;<strong>Destinatari con cui potremmo dover condividere i Tuoi Dati Personali<\/strong>&nbsp;conformemente alle normative vigenti. La richiesta deve essere inoltrata al Titolare del Trattamento senza alcuna formalit\u00e0 particolare.<\/p>\n\n\n\n<h3>Le Categorie di Destinatari a cui i Tuoi Dati Personali verranno comunicati sono:<\/h3>\n\n\n\n<ol><li>Enti pubblici preposti alla Previdenza Sociale, all\u2019Assicurazione dei Lavoratori e all\u2019Accertamento Fiscale (esempio: INPS, INAIL, Agenzia delle Entrate etc.) e qualunque ente pubblico a cui WhereApp S.r.l. \u00e8 tenuta a fornire i Dati dei propri dipendenti, collaboratori, rivenditori o clienti per obbligo di Legge.<\/li><li>Enti di Formazione per l\u2019erogazione di corsi di formazione e di aggiornamento professionale dei dipendenti e collaboratori di WhereApp S.r.l.<\/li><li>Societ\u00e0 e Professionisti deputati alla Medicina del Lavoro.<\/li><li>Societ\u00e0 e Professionisti deputati alla gestione, alla manutenzione e all\u2019assistenza da remoto dell\u2019apparato informatico di WhereApp S.r.l.<\/li><li>Professionisti nel settore della Contabilit\u00e0 e della Gestione di Paghe e Contributi.<\/li><li>Societ\u00e0 che gestiscono gli apparati web di WhereApp S.r.l.<\/li><li>Software House e Produttori di Soluzioni Software utilizzate da  WhereApp S.r.l. per il Trattamento dei Dati Personali.<\/li><li>I clienti stessi di WhereApp S.r.l., qualora fosse necessario, a causa di impellenti necessit\u00e0 operative, comunicare a questi ultimi i contatti di dipendenti o collaboratori di WhereApp  S.r.l.<\/li><\/ol>\n\n\n\n<p>Tutti i Destinatari annoverati saranno, di volta in volta, nominati Responsabili e istruiti dal WhereApp S.r.l. conformemente alle disposizioni di Legge, nonch\u00e9 tenuti al riserbo sulle informazioni trasmesse e a cancellarle o restituirle una volta terminato il trattamento.<\/p>\n\n\n\n<p><strong>WhereApp S.r.l. non trasferisce e non trasferir\u00e0 i Tuoi Dati Personali a organizzazioni internazionali o titolari del trattamento situati al di fuori dello Spazio Economico Europeo.<\/strong>&nbsp;Qualora decidesse di farlo, si atterr\u00e0 scrupolosamente alle disposizioni dettate dal Reg. UE 679\/2016 in materia di trasferimento estero di dati personali e avr\u00e0 cura di informarTi, conformemente alle disposizioni di Legge, prima di effettuare il trasferimento.<br><strong>WhereApp S.r.l. conserver\u00e0 i Tuoi Dati Personali secondo questi criteri:<\/strong><\/p>\n\n\n\n<ol><li>Nel caso di Dati Personali soggetti ad obblighi di conservazione stabiliti dalla Legge Italiana od Europea: entro e non oltre i limiti dettati dalla normativa di riferimento, allo scadere dei quali saranno cancellati o resi anonimi.<\/li><li>Nel caso di Dati Personali riferiti a Dipendenti o Collaboratori (fatto salvo il punto 1): sino al termine del rapporto con lavoro o collaborazione con WhereApp S.r.l., allo scadere del quale saranno cancellati o resi anonimi.<\/li><li>Nel caso di Dati Personali di clienti persone fisiche concessi per gli scopi (finalit\u00e0) di cui al punto<br>3) delle Finalit\u00e0: fino a quando l\u2019Interessato non revocher\u00e0 il proprio Consenso e in ogni caso non oltre i 5 anni dal Consenso prestato.<\/li><li>Nel caso di rivenditori di WhereApp S.r.l. persone fisiche: sino al termine del contratto sottoscritto, fatto salvo il punto 1), al termine del quale saranno cancellati o resi anonimi.<\/li><\/ol>\n\n\n\n<p><strong>Di seguito ti esporremo i Diritti di cui godi ai sensi del Regolamento Europeo n. 679\/2016.<\/strong><br>Per esercitare uno o pi\u00f9 dei seguenti diritti \u00e8 sufficiente che tu contatti&nbsp;WhereApp S.r.l. ai contatti sopra indicati senza alcuna particolare formalit\u00e0.<\/p>\n\n\n\n<h2>DIRITTO DI ACCESSO<\/h2>\n\n\n\n<p><em>Art. 15 Reg. UE 679\/2016<\/em><br>L\u2019interessato ha il diritto di ottenere dal titolare del trattamento la conferma che sia o meno in corso un trattamento di dati personali che lo riguardano e in tal caso, di ottenere l\u2019accesso ai dati personali e alle seguenti informazioni:<\/p>\n\n\n\n<ol><li>le finalit\u00e0 del trattamento;<\/li><li>le categorie di dati personali in questione;<\/li><li>i destinatari o le categorie di destinatari a cui i dati personali sono stati o saranno comunicati, in particolare se destinatari di paesi terzi o organizzazioni internazionali;<\/li><li>quando possibile, il periodo di conservazione dei dati personali previsto oppure, se non \u00e8 possibile, i criteri utilizzati per determinare tale periodo;<\/li><li>l\u2019esistenza del diritto dell\u2019interessato di chiedere al titolare del trattamento la rettifica o la cancellazione dei dati personali o la limitazione del trattamento dei dati personali che lo riguardano o di opporsi al loro trattamento;<\/li><li>il diritto di proporre reclamo a un\u2019autorit\u00e0 di controllo;<\/li><li>qualora i dati non siano raccolti presso l\u2019interessato, tutte le informazioni disponibili sulla loro origine;<\/li><li>l\u2019esistenza di un processo decisionale automatizzato, compresa la profilazione di cui all\u2019articolo 22, paragrafi 1 e 4, e, almeno in tali casi, informazioni significative sulla logica utilizzata, nonch\u00e9 l\u2019importanza e le conseguenze previste di tale trattamento per l\u2019interessato.<\/li><\/ol>\n\n\n\n<h2>DIRITTO DI RETTIFICA<\/h2>\n\n\n\n<p><em>Art. 16 Reg. UE 679\/2016<\/em><\/p>\n\n\n\n<p>L\u2019interessato ha il diritto di ottenere dal titolare del trattamento la rettifica dei dati personali inesatti che lo riguardano senza ingiustificato ritardo. Tenuto conto delle finalit\u00e0 del trattamento, l\u2019interessato ha il diritto di ottenere l\u2019integrazione dei dati personali incompleti, anche fornendo una dichiarazione integrativa.<\/p>\n\n\n\n<h2>DIRITTO ALLA CANCELLAZIONE<\/h2>\n\n\n\n<p><em>Art. 17 Reg. UE 679\/2016<\/em><br>L\u2019interessato ha il diritto di ottenere dal titolare del trattamento la cancellazione dei dati personali che lo riguardano senza ingiustificato ritardo e il titolare del trattamento ha l\u2019obbligo di cancellare senza ingiustificato ritardo i dati personali, se sussiste uno dei motivi seguenti:<\/p>\n\n\n\n<ol><li>i dati personali non sono pi\u00f9 necessari rispetto alle finalit\u00e0 per le quali sono stati raccolti o altrimenti trattati;<\/li><li>l\u2019interessato revoca il consenso su cui si basa il trattamento conformemente all\u2019articolo 6, paragrafo 1, lettera a), o all\u2019articolo 9, paragrafo 2, lettera a), e se non sussiste altro fondamento giuridico per il trattamento;<\/li><li>l\u2019interessato si oppone al trattamento ai sensi dell\u2019articolo 21, paragrafo 1, e non sussiste alcun motivo legittimo prevalente per procedere al trattamento, oppure si oppone al trattamento ai sensi dell\u2019articolo 21, paragrafo 2;<\/li><li>i dati personali sono stati trattati illecitamente;<\/li><li>i dati personali devono essere cancellati per adempiere un obbligo legale previsto dal diritto dell\u2019Unione o dello Stato membro cui \u00e8 soggetto il titolare del trattamento;<\/li><li>i dati personali sono stati raccolti relativamente all\u2019offerta di servizi della societ\u00e0 dell\u2019informazione di cui all\u2019articolo 8, paragrafo 1.<\/li><\/ol>\n\n\n\n<h2>DIRITTO DI LIMITAZIONE DEL TRATTAMENTO<\/h2>\n\n\n\n<p><em>Art. 18 Reg. UE 679\/2016<\/em><br>L\u2019interessato ha il diritto di ottenere dal titolare del trattamento la limitazione del trattamento quando ricorre una delle seguenti ipotesi:<\/p>\n\n\n\n<ol><li>l\u2019interessato contesta l\u2019esattezza dei dati personali, per il periodo necessario al titolare del trattamento per verificare l\u2019esattezza di tali dati personali;<\/li><li>il trattamento \u00e8 illecito e l\u2019interessato si oppone alla cancellazione dei dati personali e chiede invece che ne sia limitato l\u2019utilizzo;<\/li><li>bench\u00e9 il titolare del trattamento non ne abbia pi\u00f9 bisogno ai fini del trattamento, i dati personali sono necessari all\u2019interessato per l\u2019accertamento, l\u2019esercizio o la difesa di un diritto in sede giudiziaria;<\/li><li>l\u2019interessato si \u00e8 opposto al trattamento ai sensi dell\u2019articolo 21, paragrafo 1, in attesa della verifica in merito all\u2019eventuale prevalenza dei motivi legittimi del titolare del trattamento rispetto a quelli dell\u2019interessato.<\/li><\/ol>\n\n\n\n<p>Per gli scopi (finalit\u00e0) per cui \u00e8 previsto il Consenso da parte Tua,\u00a0<strong>Ti \u00e8 garantita la facolt\u00e0 di revocare il Consenso prestato<\/strong>, ossia di recedere in modo unilaterale dai trattamenti connessi alle Finalit\u00e0 per cui hai prestato il Consenso. I trattamenti effettuati prima della Tua Revoca saranno, conformemente alla normativa, comunque leciti.<br>Nel caso ritenessi che un trattamento da noi effettuato Ti abbia recato pregiudizio o danno, o qualora ritenessi che si siano verificate scorrettezze o illeciti nel trattamento dei Tuoi Dati Personali da Noi effettuato,\u00a0<strong>ti \u00e8 garantito il diritto a proporre un Reclamo all\u2019Autorit\u00e0 di Controllo<\/strong>, secondo le modalit\u00e0 stabilite da quest\u2019ultimo reperibili al seguente indirizzo:<br><a href=\"https:\/\/www.garanteprivacy.it\/home\/diritti\/come-agire-per-tutelare-i-tuoi-dati-personali\" target=\"_blank\" rel=\"noreferrer noopener\" aria-label=\" (apre in una nuova scheda)\"> https:\/\/www.garanteprivacy.it\/home\/diritti\/come-agire-per-tutelare-i-tuoi-dati-personali<\/a><\/p>\n\n\n\n<p><strong>Il parziale o completo rifiuto a fornire i Tuoi Dati Personali a WhereApp S.r.l. comporter\u00e0:<\/strong><\/p>\n\n\n\n<ol><li>Se Dipendente o Collaboratore di WhereApp S.r.l.: l\u2019impossibilit\u00e0 di instaurare un qualsiasi rapporto di lavoro o collaborazione.<\/li><li>Se cliente persona fisica di WhereApp S.r.l.: l\u2019impossibilit\u00e0 di completare la fase di vendita o la sottoscrizione di un qualsivoglia contratto di servizi e\/o assistenza.<\/li><\/ol>\n","protected":false},"excerpt":{"rendered":"<p>Gentile Utente, ai sensi degli artt. 12, 13 e 14 del Regolamento Europeo n. 679\/2016 \u201cRegolamento Generale per la Protezione dei Dati Personali\u201d,&nbsp; siamo a fornirTi l\u2019Informativa circa il trattamento dei Tuoi Dati Personali.Ti ricordiamo che&nbsp;hai diritto a prenderne visione prima di comunicarci i Tuoi Dati Personali, ovvero ad esercitare il tuo Diritto ad Opporti [&hellip;]<\/p>\n","protected":false},"author":1,"featured_media":0,"parent":0,"menu_order":0,"comment_status":"closed","ping_status":"closed","template":"","meta":[],"_links":{"self":[{"href":"https:\/\/app24pa.it\/index.php\/wp-json\/wp\/v2\/pages\/3033"}],"collection":[{"href":"https:\/\/app24pa.it\/index.php\/wp-json\/wp\/v2\/pages"}],"about":[{"href":"https:\/\/app24pa.it\/index.php\/wp-json\/wp\/v2\/types\/page"}],"author":[{"embeddable":true,"href":"https:\/\/app24pa.it\/index.php\/wp-json\/wp\/v2\/users\/1"}],"replies":[{"embeddable":true,"href":"https:\/\/app24pa.it\/index.php\/wp-json\/wp\/v2\/comments?post=3033"}],"version-history":[{"count":3,"href":"https:\/\/app24pa.it\/index.php\/wp-json\/wp\/v2\/pages\/3033\/revisions"}],"predecessor-version":[{"id":3212,"href":"https:\/\/app24pa.it\/index.php\/wp-json\/wp\/v2\/pages\/3033\/revisions\/3212"}],"wp:attachment":[{"href":"https:\/\/app24pa.it\/index.php\/wp-json\/wp\/v2\/media?parent=3033"}],"curies":[{"name":"wp","href":"https:\/\/api.w.org\/{rel}","templated":true}]}}