{"id":2078,"date":"2018-05-23T11:43:06","date_gmt":"2018-05-23T09:43:06","guid":{"rendered":"http:\/\/www.whereapp.it\/?page_id=2078"},"modified":"2022-01-27T16:21:30","modified_gmt":"2022-01-27T15:21:30","slug":"privacy_policy","status":"publish","type":"page","link":"https:\/\/app24pa.it\/index.php\/privacy_policy\/","title":{"rendered":"Privacy Policy"},"content":{"rendered":"\t\t<div data-elementor-type=\"wp-page\" data-elementor-id=\"2078\" class=\"elementor elementor-2078\" data-elementor-settings=\"[]\">\n\t\t\t\t\t\t\t<div class=\"elementor-section-wrap\">\n\t\t\t\t\t\t\t<section class=\"elementor-section elementor-top-section elementor-element elementor-element-d3b389e elementor-section-boxed elementor-section-height-default elementor-section-height-default\" data-id=\"d3b389e\" data-element_type=\"section\">\n\t\t\t\t\t\t<div class=\"elementor-container elementor-column-gap-default\">\n\t\t\t\t\t<div class=\"elementor-column elementor-col-100 elementor-top-column elementor-element elementor-element-7ef10a70\" data-id=\"7ef10a70\" data-element_type=\"column\">\n\t\t\t<div class=\"elementor-widget-wrap elementor-element-populated\">\n\t\t\t\t\t\t\t\t<div class=\"elementor-element elementor-element-2682ba6b elementor-widget elementor-widget-text-editor\" data-id=\"2682ba6b\" data-element_type=\"widget\" data-widget_type=\"text-editor.default\">\n\t\t\t\t<div class=\"elementor-widget-container\">\n\t\t\t\t\t<div class=\"elementor-text-editor elementor-clearfix\"><h1><strong>Privacy Policy App24<\/strong><\/h1>\n<p>Questa Applicazione non raccoglie Dati Personali degli Utenti.<\/p>\n<h2><strong>Identificazione univoca del dispositivo<\/strong><\/h2>\n<p>Questa Applicazione pu\u00f2 registrare unicamente un codice di identificazione univoco del dispositivo, con la finalit\u00e0 di conservare le preferenze degli Utenti.<\/p>\n<p>Nessun dato personale viene registrato sull\u2019app.<\/p>\n<p>L\u2019accesso e la navigazione avvengono sempre in forma anonima.<\/p>\n<p><\/p>\n<h2><strong>Localizzazione <\/strong><\/h2>\n<p>Il servizio di localizzazione in background pu\u00f2 essere attivato su esplicita autorizzazione dell\u2019utente per permettere l\u2019invio di messaggi geolocalizzati relativi alla zona in cui si trova il device.<\/p>\n<p>Tale funzionalit\u00e0 \u00e8 opzionale e pu\u00f2 essere disattivata in qualsiasi momento all\u2019interno dell\u2019App.<\/p>\n<p>I dati della posizione vengono utilizzati esclusivamente per la finalit\u00e0 indicata, non vengono storicizzati &nbsp;n\u00e9 ceduti a terze parti n\u00e9 utilizzati per analisi di comportamento.<\/p>\n<p><\/p>\n<h2><strong>Fotocamera<\/strong><\/h2>\n<p>E&#8217; possibile utilizzare i Servizi dell&#8217;App per comunicare con gli operatori abilitati a ricevere segnalazioni ed utilizzare la funzione della fotocamera per allegare una foto. In questo caso l&#8217;utente \u00e8 responsabile del contenuto, come da Condizioni d&#8217;uso accettate in fase di primo accesso. I dati non vengono in ogni caso utilizzati per altre finalit\u00e0 se non quelle previste dal servizio di supporto e non vengono divulgati con soggetti terzi n\u00e9 usati per profilazione dell&#8217;utente.&nbsp;<\/p>\n<p><\/p>\n<h2><strong>Notifiche push<\/strong><\/h2>\n<p>Questa Applicazione pu\u00f2 inviare notifiche push all&#8217;Utente. Per l\u2019invio delle notifiche viene generato un codice univoco dai sistemi di messaggistica Apple e Google. Tale codice \u00e8 strettamente legato alla App e non viene utilizzato per altri scopi diversi dall\u2019invio delle notifiche per l\u2019App.<\/p>\n<p><\/p>\n<h2><strong>Nickname <\/strong><\/h2>\n<p>L\u2019utente pu\u00f2 scegliere un nickname (pseudonimo) all\u2019interno dell\u2019App. Tale pseudonimo potr\u00e0 essere visualizzato nei messaggi inviati dall\u2019utente agli operatori dei servizi dell\u2019App unicamente per facilitare la comunicazione. Nessun altro dato viene condiviso.<\/p>\n<p><\/p>\n<h2><strong>Interazione con social network e piattaforme esterne<\/strong><\/h2>\n<p>Il pulsante di condivisone presente sull\u2019App non accede agli account social dell\u2019utente ma fornisce i dati (immagini) relativi ai messaggi ricevuti e che l\u2019utente pu\u00f2 scegliere di condividere sulle altre App presenti sul dispositivo (fa riferimento la privacy policy delle relative App).<\/p>\n<p><\/p>\n<h2><strong>Visualizzazione di contenuti da piattaforme esterne<\/strong><\/h2>\n<p>Questo tipo di servizi permette di visualizzare contenuti ospitati su piattaforme esterne direttamente dalle pagine dell\u2019Applicazione e di interagire con essi.<\/p>\n<p><strong>Google Maps (Google Inc. USA)<\/strong><\/p>\n<p>Google Maps \u00e8 un servizio di visualizzazione di mappe gestito da Google Inc. che permette a questa Applicazione di integrare tali contenuti all\u2019interno delle proprie pagine.<\/p>\n<p>Dati Personali trattati: Cookie; Dati di utilizzo.<\/p>\n<p>Luogo del trattamento: USA \u2013&nbsp;<a href=\"https:\/\/www.google.it\/intl\/it\/policies\/privacy\/\">Privacy Policy<\/a>.<\/p>\n<p><\/p>\n<h2><strong>Log di sistema e manutenzione<\/strong><\/h2>\n<p>Per necessit\u00e0 legate al funzionamento ed alla manutenzione questa Applicazione pu\u00f2 raccogliere log di sistema, ossia file che registrano le interazioni. Non vengono tuttavia registrati Dati Personali, quali l\u2019indirizzo IP Utente.<\/p>\n<p><strong>&nbsp;<\/strong><\/p>\n<h2><strong>Con chi condividiamo i tuoi dati<\/strong><\/h2>\n<p>I tuoi dati vengono utilizzati solo per le finalit\u00e0 indicate e non vengono divulgati n\u00e9 condivisi con soggetti terzi.<\/p>\n<p><\/p>\n<h2><strong>Diritti dell\u2019Utente<\/strong><\/h2>\n<p>Gli Utenti possono esercitare determinati diritti con riferimento ai Dati trattati dal Titolare.<\/p>\n<p>In particolare, l\u2019Utente ha il diritto di:<\/p>\n<ul>\n<li><strong>revocare il consenso in ogni momento.<\/strong>&nbsp;L\u2019Utente pu\u00f2 revocare il consenso al trattamento dei propri Dati Personali precedentemente espresso.<\/li>\n<li><strong>opporsi al trattamento dei propri Dati.<\/strong>&nbsp;L\u2019Utente pu\u00f2 opporsi al trattamento dei propri Dati quando esso avviene su una base giuridica diversa dal consenso. Ulteriori dettagli sul diritto di opposizione sono indicati nella sezione sottostante.<\/li>\n<li><strong>accedere ai propri Dati.<\/strong>&nbsp;L\u2019Utente ha diritto ad ottenere informazioni sui Dati trattati dal Titolare, su determinati aspetti del trattamento ed a ricevere una copia dei Dati trattati.<\/li>\n<li><strong>verificare e chiedere la rettificazione.<\/strong>&nbsp;L\u2019Utente pu\u00f2 verificare la correttezza dei propri Dati e richiederne l\u2019aggiornamento o la correzione.<\/li>\n<li><strong>ottenere la limitazione del trattamento.<\/strong>&nbsp;Quando ricorrono determinate condizioni, l\u2019Utente pu\u00f2 richiedere la limitazione del trattamento dei propri Dati. In tal caso il Titolare non tratter\u00e0 i Dati per alcun altro scopo se non la loro conservazione.<\/li>\n<li><strong>ottenere la cancellazione o rimozione dei propri Dati Personali.<\/strong>&nbsp;Quando ricorrono determinate condizioni, l\u2019Utente pu\u00f2 richiedere la cancellazione dei propri Dati da parte del Titolare.<\/li>\n<li><strong>ricevere i propri Dati o farli trasferire ad altro titolare.<\/strong>&nbsp;L\u2019Utente ha diritto di ricevere i propri Dati in formato strutturato, di uso comune e leggibile da dispositivo automatico e, ove tecnicamente fattibile, di ottenerne il trasferimento senza ostacoli ad un altro titolare. Questa disposizione \u00e8 applicabile quando i Dati sono trattati con strumenti automatizzati ed il trattamento \u00e8 basato sul consenso dell\u2019Utente, su un contratto di cui l\u2019Utente \u00e8 parte o su misure contrattuali ad esso connesse.<\/li>\n<li><strong>proporre reclamo.<\/strong>&nbsp;L\u2019Utente pu\u00f2 proporre un reclamo all\u2019autorit\u00e0 di controllo della protezione dei dati personali competente o agire in sede giudiziale.<\/li>\n<\/ul>\n<p>Puoi inviare le richieste relative ai tuoi dati personali scrivendo a: <a href=\"mailto:privacy@whereapp.it\">privacy@whereapp.it<\/a>.<\/p>\n<p><\/p>\n<h2><strong>Informazioni non contenute in questa policy<\/strong><\/h2>\n<p>Per l\u2019informativa completa fare riferimento a: <a href=\"https:\/\/www.whereapp.it\/index.php\/informativa-privacy-policy\/\">https:\/\/www.whereapp.it\/index.php\/informativa-privacy-policy\/<\/a><\/p>\n<p>Ulteriori informazioni in relazione al trattamento dei Dati Personali potranno essere richieste in qualsiasi momento al Titolare del Trattamento utilizzando gli estremi di contatto.<\/p>\n<p><\/p>\n<h2><strong>Definizioni <\/strong><\/h2>\n<p><strong>Dati Personali (o Dati)<\/strong><\/p>\n<p>Costituisce dato personale qualunque informazione che, direttamente o indirettamente, anche in collegamento con qualsiasi altra informazione, ivi compreso un numero di identificazione personale, renda identificata o identificabile una persona fisica.<\/p>\n<p><strong>Dati di Utilizzo<\/strong><\/p>\n<p>Sono le informazioni raccolte automaticamente attraverso questa Applicazione (anche da applicazioni di parti terze integrate in questa Applicazione), tra cui: gli indirizzi IP o i nomi a dominio del device che si connette, gli indirizzi in notazione URI (Uniform Resource Identifier), l\u2019orario della richiesta, il metodo utilizzato nell\u2019inoltrare la richiesta al server, la dimensione del file ottenuto in risposta, il codice numerico indicante lo stato della risposta dal server (buon fine, errore, ecc.) il paese di provenienza, le caratteristiche del browser e del sistema operativo utilizzati dal visitatore, le varie connotazioni temporali della visita (ad esempio il tempo di permanenza su ciascuna pagina) e i dettagli relativi all\u2019itinerario seguito all\u2019interno dell\u2019Applicazione, con particolare riferimento alla sequenza delle pagine consultate, ai parametri relativi al sistema operativo e all\u2019ambiente informatico dell\u2019Utente.<\/p>\n<p><strong>Utente<\/strong><\/p>\n<p>L&#8217;individuo che utilizza l\u2019App che, salvo ove diversamente specificato, coincide con l&#8217;Interessato.<\/p>\n<p><strong>Interessato<\/strong><\/p>\n<p>La persona fisica cui si riferiscono i Dati Personali.<\/p>\n<p><strong>Responsabile del Trattamento (o Responsabile)<\/strong><\/p>\n<p>La persona fisica, giuridica, la pubblica amministrazione e qualsiasi altro ente che tratta dati personali per conto del Titolare, secondo quanto esposto nella presente privacy policy.<\/p>\n<p><strong>Titolare del Trattamento (o Titolare)<\/strong><\/p>\n<p>La persona fisica o giuridica, l&#8217;autorit\u00e0 pubblica, il servizio o altro organismo che, singolarmente o insieme ad altri, determina le finalit\u00e0 e i mezzi del trattamento di dati personali e gli strumenti adottati, ivi comprese le misure di sicurezza relative al funzionamento ed alla fruizione di questa Applicazione. Il Titolare del Trattamento, salvo quanto diversamente specificato, \u00e8 il titolare di questa Applicazione.<\/p>\n<p><strong>Questa Applicazione<\/strong><\/p>\n<p>Lo strumento hardware o software mediante il quale sono raccolti e trattati i Dati Personali degli Utenti.<\/p>\n<p><strong>Servizio<\/strong><\/p>\n<p>Il Servizio fornito da questa Applicazione cos\u00ec come definito nei relativi termini (se presenti) su questo sito\/applicazione.<\/p>\n<p><strong>Unione Europea (o UE)<\/strong><\/p>\n<p>Salvo ove diversamente specificato, ogni riferimento all\u2019Unione Europea contenuto in questo documento si intende esteso a tutti gli attuali stati membri dell\u2019Unione Europea e dello Spazio Economico Europeo.<\/p>\n<p><strong>Cookie<\/strong><\/p>\n<p>I Cookie sono Strumenti di Tracciamento che consistono in piccole porzioni di dati conservate all&#8217;interno del browser dell&#8217;Utente.<\/p>\n<p><strong>Strumento di Tracciamento<\/strong><\/p>\n<p>Per Strumento di Tracciamento s\u2019intende qualsiasi tecnologia &#8211; es. Cookie, identificativi univoci, web beacons, script integrati, e-tag e fingerprinting &#8211; che consenta di tracciare gli Utenti, per esempio raccogliendo o salvando informazioni sul dispositivo dell\u2019Utente.<\/p>\n<p><\/p>\n<h2><strong>Riferimenti legali<\/strong><\/h2>\n<p>La presente informativa privacy \u00e8 redatta sulla base degli ordinamenti legislativi, inclusi gli artt. 13 e 14 del Regolamento (UE) 2016\/679.<\/p>\n<p>Ove non diversamente specificato, questa informativa privacy riguarda esclusivamente questa Applicazione.<\/p>\n<p>Ultima modifica: Gennaio 2022<\/p>\n<p><!-- wp:paragraph --><\/p>\n<p><!-- \/wp:paragraph --><\/p><\/div>\n\t\t\t\t<\/div>\n\t\t\t\t<\/div>\n\t\t\t\t\t<\/div>\n\t\t<\/div>\n\t\t\t\t\t\t\t<\/div>\n\t\t<\/section>\n\t\t\t\t\t\t<\/div>\n\t\t\t\t\t<\/div>\n\t\t","protected":false},"excerpt":{"rendered":"<p>Privacy Policy App24 Questa Applicazione non raccoglie Dati Personali degli Utenti. Identificazione univoca del dispositivo Questa Applicazione pu\u00f2 registrare unicamente un codice di identificazione univoco del dispositivo, con la finalit\u00e0 di conservare le preferenze degli Utenti. Nessun dato personale viene registrato sull\u2019app. L\u2019accesso e la navigazione avvengono sempre in forma anonima. Localizzazione Il servizio di [&hellip;]<\/p>\n","protected":false},"author":1,"featured_media":0,"parent":0,"menu_order":0,"comment_status":"closed","ping_status":"closed","template":"elementor_header_footer","meta":[],"_links":{"self":[{"href":"https:\/\/app24pa.it\/index.php\/wp-json\/wp\/v2\/pages\/2078"}],"collection":[{"href":"https:\/\/app24pa.it\/index.php\/wp-json\/wp\/v2\/pages"}],"about":[{"href":"https:\/\/app24pa.it\/index.php\/wp-json\/wp\/v2\/types\/page"}],"author":[{"embeddable":true,"href":"https:\/\/app24pa.it\/index.php\/wp-json\/wp\/v2\/users\/1"}],"replies":[{"embeddable":true,"href":"https:\/\/app24pa.it\/index.php\/wp-json\/wp\/v2\/comments?post=2078"}],"version-history":[{"count":19,"href":"https:\/\/app24pa.it\/index.php\/wp-json\/wp\/v2\/pages\/2078\/revisions"}],"predecessor-version":[{"id":4929,"href":"https:\/\/app24pa.it\/index.php\/wp-json\/wp\/v2\/pages\/2078\/revisions\/4929"}],"wp:attachment":[{"href":"https:\/\/app24pa.it\/index.php\/wp-json\/wp\/v2\/media?parent=2078"}],"curies":[{"name":"wp","href":"https:\/\/api.w.org\/{rel}","templated":true}]}}